{"id":2694,"date":"2019-04-04T19:55:03","date_gmt":"2019-04-04T19:55:03","guid":{"rendered":"https:\/\/hqrentalsoftware.com\/faq\/"},"modified":"2026-04-21T00:13:37","modified_gmt":"2026-04-21T00:13:37","slug":"preguntas-mas-frecuentes","status":"publish","type":"page","link":"https:\/\/hqrentalsoftware.com\/es\/preguntas-mas-frecuentes\/","title":{"rendered":"Preguntas M\u00e1s Frecuentes"},"content":{"rendered":"\t\t<div data-elementor-type=\"wp-post\" data-elementor-id=\"2694\" class=\"elementor elementor-2694 elementor-74\" data-elementor-post-type=\"page\">\n\t\t\t\t\t\t<section class=\"elementor-section elementor-top-section elementor-element elementor-element-248b8a5 elementor-section-boxed elementor-section-height-default elementor-section-height-default\" data-id=\"248b8a5\" data-element_type=\"section\" data-e-type=\"section\" data-settings=\"{&quot;background_background&quot;:&quot;gradient&quot;}\">\n\t\t\t\t\t\t<div class=\"elementor-container elementor-column-gap-default\">\n\t\t\t\t\t<div class=\"elementor-column elementor-col-100 elementor-top-column elementor-element elementor-element-722f136\" data-id=\"722f136\" data-element_type=\"column\" data-e-type=\"column\" data-settings=\"{&quot;background_background&quot;:&quot;classic&quot;}\">\n\t\t\t<div class=\"elementor-widget-wrap elementor-element-populated\">\n\t\t\t\t\t\t<div class=\"elementor-element elementor-element-cc2cf2a elementor-widget elementor-widget-heading\" data-id=\"cc2cf2a\" data-element_type=\"widget\" data-e-type=\"widget\" data-widget_type=\"heading.default\">\n\t\t\t\t<div class=\"elementor-widget-container\">\n\t\t\t\t\t<h2 class=\"elementor-heading-title elementor-size-default\">Preguntas M\u00e1s Frecuentes\n<\/h2>\t\t\t\t<\/div>\n\t\t\t\t<\/div>\n\t\t\t\t<div class=\"elementor-element elementor-element-9b9dac0 yellow-links-accordeon2 elementor-widget elementor-widget-text-editor\" data-id=\"9b9dac0\" data-element_type=\"widget\" data-e-type=\"widget\" data-widget_type=\"text-editor.default\">\n\t\t\t\t<div class=\"elementor-widget-container\">\n\t\t\t\t\t\t\t\t\t<span style=\"font-weight: 400;\">Esta Secci\u00f3n de Preguntas M\u00e1s Frecuentes responde las dudas m\u00e1s frecuentes de nuestros usuarios, sin embargo; si est\u00e1 buscando aprender m\u00e1s acerca del uso se nuestro software, por favor visite nuestra<\/span><a href=\"https:\/\/www.notion.so\/Knowledge-Base-b3dc775703154b14b2ba62fad43c7032\" target=\"_blank\" rel=\"noopener\">\u00a0Base de Datos de Conocimiento.<\/a>\t\t\t\t\t\t\t\t<\/div>\n\t\t\t\t<\/div>\n\t\t\t\t<div class=\"elementor-element elementor-element-a615ad3 yellow-links-accordeon elementor-widget elementor-widget-accordion\" data-id=\"a615ad3\" data-element_type=\"widget\" data-e-type=\"widget\" data-widget_type=\"accordion.default\">\n\t\t\t\t<div class=\"elementor-widget-container\">\n\t\t\t\t\t\t\t<div class=\"elementor-accordion\">\n\t\t\t\t\t\t\t<div class=\"elementor-accordion-item\">\n\t\t\t\t\t<div id=\"elementor-tab-title-1741\" class=\"elementor-tab-title\" data-tab=\"1\" role=\"button\" aria-controls=\"elementor-tab-content-1741\" aria-expanded=\"false\">\n\t\t\t\t\t\t\t\t\t\t\t\t\t<span class=\"elementor-accordion-icon elementor-accordion-icon-right\" aria-hidden=\"true\">\n\t\t\t\t\t\t\t\t\t\t\t\t\t\t\t<span class=\"elementor-accordion-icon-closed\"><i class=\"fas fa-plus\"><\/i><\/span>\n\t\t\t\t\t\t\t\t<span class=\"elementor-accordion-icon-opened\"><i class=\"fas fa-minus\"><\/i><\/span>\n\t\t\t\t\t\t\t\t\t\t\t\t\t\t<\/span>\n\t\t\t\t\t\t\t\t\t\t\t\t<a class=\"elementor-accordion-title\" tabindex=\"0\">\u00bfC\u00f3mo instalo el plug-in de reservaciones en el sitio web?<\/a>\n\t\t\t\t\t<\/div>\n\t\t\t\t\t<div id=\"elementor-tab-content-1741\" class=\"elementor-tab-content elementor-clearfix\" data-tab=\"1\" role=\"region\" aria-labelledby=\"elementor-tab-title-1741\"><p><span style=\"font-weight: 400;\">Hay m\u00faltiples maneras de integrar el software de reservaciones al sitio web. El enfoque m\u00e1s sencillo con un iframe que crear\u00e1 esencialmente un cuadro de reservaciones en su sitio web. Ser\u00e1 capaz de personalizar los colores y estilo para que el iframe se adapte dentro de su sitio web. En caso de de requerir m\u00e1s flexibilidad en la portada de su sitio web es posible, integrarla a trav\u00e9s de nuestros API. Puede encontrar m\u00e1s informaci\u00f3n sobre nuestras diferentes opciones de integraci\u00f3n <\/span><a class=\"yellow-links-faq\" href=\"https:\/\/hqrentalsoftware.com\/knowledgebase_category\/website-integration\/\" target=\"_blank\" rel=\"noopener\">aqu\u00ed<\/a>.<\/p><\/div>\n\t\t\t\t<\/div>\n\t\t\t\t\t\t\t<div class=\"elementor-accordion-item\">\n\t\t\t\t\t<div id=\"elementor-tab-title-1742\" class=\"elementor-tab-title\" data-tab=\"2\" role=\"button\" aria-controls=\"elementor-tab-content-1742\" aria-expanded=\"false\">\n\t\t\t\t\t\t\t\t\t\t\t\t\t<span class=\"elementor-accordion-icon elementor-accordion-icon-right\" aria-hidden=\"true\">\n\t\t\t\t\t\t\t\t\t\t\t\t\t\t\t<span class=\"elementor-accordion-icon-closed\"><i class=\"fas fa-plus\"><\/i><\/span>\n\t\t\t\t\t\t\t\t<span class=\"elementor-accordion-icon-opened\"><i class=\"fas fa-minus\"><\/i><\/span>\n\t\t\t\t\t\t\t\t\t\t\t\t\t\t<\/span>\n\t\t\t\t\t\t\t\t\t\t\t\t<a class=\"elementor-accordion-title\" tabindex=\"0\">\u00bfC\u00f3mo puedo aceptar pagos a trav\u00e9s de la p\u00e1gina web?<\/a>\n\t\t\t\t\t<\/div>\n\t\t\t\t\t<div id=\"elementor-tab-content-1742\" class=\"elementor-tab-content elementor-clearfix\" data-tab=\"2\" role=\"region\" aria-labelledby=\"elementor-tab-title-1742\"><span style=\"font-weight: 400;\">Actualmente estamos integrados con Stripe y Global Payments Integrated. Puede vincular sus cuentas a trav\u00e9s de nuestros Ajustes &gt; <a class=\"yellow-links-faq\" href=\"https:\/\/docs.hqrentalsoftware.com\/knowledgebase_category\/payment-gateways\/\" target=\"_blank\" rel=\"noopener\">M\u00e9todos de Pago<\/a><a class=\"yellow-links-faq\" href=\"https:\/\/docs.hqrentalsoftware.com\/knowledgebase_category\/payment-gateways\/\" target=\"_blank\" rel=\"noopener\">.<\/a>\u00a0Si requiere una integraci\u00f3n de pago distinta, por favor cont\u00e1ctenos a trav\u00e9s de nuestro chat y estaremos felices de evaluar su solicitud.<\/span><\/div>\n\t\t\t\t<\/div>\n\t\t\t\t\t\t\t<div class=\"elementor-accordion-item\">\n\t\t\t\t\t<div id=\"elementor-tab-title-1743\" class=\"elementor-tab-title\" data-tab=\"3\" role=\"button\" aria-controls=\"elementor-tab-content-1743\" aria-expanded=\"false\">\n\t\t\t\t\t\t\t\t\t\t\t\t\t<span class=\"elementor-accordion-icon elementor-accordion-icon-right\" aria-hidden=\"true\">\n\t\t\t\t\t\t\t\t\t\t\t\t\t\t\t<span class=\"elementor-accordion-icon-closed\"><i class=\"fas fa-plus\"><\/i><\/span>\n\t\t\t\t\t\t\t\t<span class=\"elementor-accordion-icon-opened\"><i class=\"fas fa-minus\"><\/i><\/span>\n\t\t\t\t\t\t\t\t\t\t\t\t\t\t<\/span>\n\t\t\t\t\t\t\t\t\t\t\t\t<a class=\"elementor-accordion-title\" tabindex=\"0\">\u00bfPodemos integrar el software de reservaciones con nuestro software de contabilidad?<\/a>\n\t\t\t\t\t<\/div>\n\t\t\t\t\t<div id=\"elementor-tab-content-1743\" class=\"elementor-tab-content elementor-clearfix\" data-tab=\"3\" role=\"region\" aria-labelledby=\"elementor-tab-title-1743\"><p><span style=\"font-weight: 400;\">Estamos integrados actualmente con Quickbooks, Xero, Exact y Zoho Books. De cualquier forma, el sistema le permite exportar documentos .csv. <\/span><\/p><\/div>\n\t\t\t\t<\/div>\n\t\t\t\t\t\t\t<div class=\"elementor-accordion-item\">\n\t\t\t\t\t<div id=\"elementor-tab-title-1744\" class=\"elementor-tab-title\" data-tab=\"4\" role=\"button\" aria-controls=\"elementor-tab-content-1744\" aria-expanded=\"false\">\n\t\t\t\t\t\t\t\t\t\t\t\t\t<span class=\"elementor-accordion-icon elementor-accordion-icon-right\" aria-hidden=\"true\">\n\t\t\t\t\t\t\t\t\t\t\t\t\t\t\t<span class=\"elementor-accordion-icon-closed\"><i class=\"fas fa-plus\"><\/i><\/span>\n\t\t\t\t\t\t\t\t<span class=\"elementor-accordion-icon-opened\"><i class=\"fas fa-minus\"><\/i><\/span>\n\t\t\t\t\t\t\t\t\t\t\t\t\t\t<\/span>\n\t\t\t\t\t\t\t\t\t\t\t\t<a class=\"elementor-accordion-title\" tabindex=\"0\">\u00bfPuedo manejar mis propias tarifas en el sistema?<\/a>\n\t\t\t\t\t<\/div>\n\t\t\t\t\t<div id=\"elementor-tab-content-1744\" class=\"elementor-tab-content elementor-clearfix\" data-tab=\"4\" role=\"region\" aria-labelledby=\"elementor-tab-title-1744\"><p><span style=\"font-weight: 400;\">S\u00ed, el sistema puede ser configurado para establecer precios por hora, d\u00eda, semana o mes. Adicionalmente puede escoger una estructura de tarifa diaria decreciente. Por \u00faltimo, puede establecer tarifas para servicios adicionales que ofrece como p\u00f3lizas de seguro, GPS y asientos para ni\u00f1os.<\/span><\/p><\/div>\n\t\t\t\t<\/div>\n\t\t\t\t\t\t\t<div class=\"elementor-accordion-item\">\n\t\t\t\t\t<div id=\"elementor-tab-title-1745\" class=\"elementor-tab-title\" data-tab=\"5\" role=\"button\" aria-controls=\"elementor-tab-content-1745\" aria-expanded=\"false\">\n\t\t\t\t\t\t\t\t\t\t\t\t\t<span class=\"elementor-accordion-icon elementor-accordion-icon-right\" aria-hidden=\"true\">\n\t\t\t\t\t\t\t\t\t\t\t\t\t\t\t<span class=\"elementor-accordion-icon-closed\"><i class=\"fas fa-plus\"><\/i><\/span>\n\t\t\t\t\t\t\t\t<span class=\"elementor-accordion-icon-opened\"><i class=\"fas fa-minus\"><\/i><\/span>\n\t\t\t\t\t\t\t\t\t\t\t\t\t\t<\/span>\n\t\t\t\t\t\t\t\t\t\t\t\t<a class=\"elementor-accordion-title\" tabindex=\"0\">\u00bfEn qu\u00e9 idiomas est\u00e1 disponible el software?<\/a>\n\t\t\t\t\t<\/div>\n\t\t\t\t\t<div id=\"elementor-tab-content-1745\" class=\"elementor-tab-content elementor-clearfix\" data-tab=\"5\" role=\"region\" aria-labelledby=\"elementor-tab-title-1745\"><p><span style=\"font-weight: 400;\">La prueba est\u00e1 disponible en Ingl\u00e9s, Espa\u00f1ol y Holand\u00e9s por omisi\u00f3n. Sin embargo, si requiere un idioma distinto, activaremos ese idioma por ti en base al API del Traductor Google cuando se haya completado la suscripci\u00f3n. <\/span><\/p><\/div>\n\t\t\t\t<\/div>\n\t\t\t\t\t\t\t<div class=\"elementor-accordion-item\">\n\t\t\t\t\t<div id=\"elementor-tab-title-1746\" class=\"elementor-tab-title\" data-tab=\"6\" role=\"button\" aria-controls=\"elementor-tab-content-1746\" aria-expanded=\"false\">\n\t\t\t\t\t\t\t\t\t\t\t\t\t<span class=\"elementor-accordion-icon elementor-accordion-icon-right\" aria-hidden=\"true\">\n\t\t\t\t\t\t\t\t\t\t\t\t\t\t\t<span class=\"elementor-accordion-icon-closed\"><i class=\"fas fa-plus\"><\/i><\/span>\n\t\t\t\t\t\t\t\t<span class=\"elementor-accordion-icon-opened\"><i class=\"fas fa-minus\"><\/i><\/span>\n\t\t\t\t\t\t\t\t\t\t\t\t\t\t<\/span>\n\t\t\t\t\t\t\t\t\t\t\t\t<a class=\"elementor-accordion-title\" tabindex=\"0\">\u00bfMis clientes recibir\u00e1n un correo de confirmaci\u00f3n despu\u00e9s de haber hecho una reservaci\u00f3n en l\u00ednea?<\/a>\n\t\t\t\t\t<\/div>\n\t\t\t\t\t<div id=\"elementor-tab-content-1746\" class=\"elementor-tab-content elementor-clearfix\" data-tab=\"6\" role=\"region\" aria-labelledby=\"elementor-tab-title-1746\"><p><span style=\"font-weight: 400;\">S\u00ed, el sistema genera autom\u00e1ticamente correos electr\u00f3nicos de confirmaci\u00f3n a los cuales se les puede personalizar su contenido y estilo en los ajustes de la aplicaci\u00f3n. <\/span><\/p><\/div>\n\t\t\t\t<\/div>\n\t\t\t\t\t\t\t<div class=\"elementor-accordion-item\">\n\t\t\t\t\t<div id=\"elementor-tab-title-1747\" class=\"elementor-tab-title\" data-tab=\"7\" role=\"button\" aria-controls=\"elementor-tab-content-1747\" aria-expanded=\"false\">\n\t\t\t\t\t\t\t\t\t\t\t\t\t<span class=\"elementor-accordion-icon elementor-accordion-icon-right\" aria-hidden=\"true\">\n\t\t\t\t\t\t\t\t\t\t\t\t\t\t\t<span class=\"elementor-accordion-icon-closed\"><i class=\"fas fa-plus\"><\/i><\/span>\n\t\t\t\t\t\t\t\t<span class=\"elementor-accordion-icon-opened\"><i class=\"fas fa-minus\"><\/i><\/span>\n\t\t\t\t\t\t\t\t\t\t\t\t\t\t<\/span>\n\t\t\t\t\t\t\t\t\t\t\t\t<a class=\"elementor-accordion-title\" tabindex=\"0\">\u00bfD\u00f3nde est\u00e1 ubicada la aplicaci\u00f3n?<\/a>\n\t\t\t\t\t<\/div>\n\t\t\t\t\t<div id=\"elementor-tab-content-1747\" class=\"elementor-tab-content elementor-clearfix\" data-tab=\"7\" role=\"region\" aria-labelledby=\"elementor-tab-title-1747\"><p><span style=\"font-weight: 400;\">Nuestra ubicaci\u00f3n est\u00e1 basada en su regi\u00f3n. Tenemos opciones de ubicaci\u00f3n en los Estados Unidos, en Holanda (Europa) o Singapur (Asia). Para la seguridad y respaldos, por favor visite nuestra <\/span><a href=\"https:\/\/hqrentalsoftware.com\/security\/\"><span style=\"font-weight: 400;\">documentaci\u00f3n de Seguridad.<\/span><\/a><\/p><\/div>\n\t\t\t\t<\/div>\n\t\t\t\t\t\t\t<div class=\"elementor-accordion-item\">\n\t\t\t\t\t<div id=\"elementor-tab-title-1748\" class=\"elementor-tab-title\" data-tab=\"8\" role=\"button\" aria-controls=\"elementor-tab-content-1748\" aria-expanded=\"false\">\n\t\t\t\t\t\t\t\t\t\t\t\t\t<span class=\"elementor-accordion-icon elementor-accordion-icon-right\" aria-hidden=\"true\">\n\t\t\t\t\t\t\t\t\t\t\t\t\t\t\t<span class=\"elementor-accordion-icon-closed\"><i class=\"fas fa-plus\"><\/i><\/span>\n\t\t\t\t\t\t\t\t<span class=\"elementor-accordion-icon-opened\"><i class=\"fas fa-minus\"><\/i><\/span>\n\t\t\t\t\t\t\t\t\t\t\t\t\t\t<\/span>\n\t\t\t\t\t\t\t\t\t\t\t\t<a class=\"elementor-accordion-title\" tabindex=\"0\">\u00bfQu\u00e9 porcentaje de disponibilidad garantiza HQ?<\/a>\n\t\t\t\t\t<\/div>\n\t\t\t\t\t<div id=\"elementor-tab-content-1748\" class=\"elementor-tab-content elementor-clearfix\" data-tab=\"8\" role=\"region\" aria-labelledby=\"elementor-tab-title-1748\"><span style=\"font-weight: 400;\">Garantizamos 99.9% de disponibilidad. En cualquier momento puede ver nuestro desempe\u00f1o de disponibilidad <\/span><a href=\"https:\/\/status.hqrentalsoftware.com\/\">aqu\u00ed.<\/a><\/div>\n\t\t\t\t<\/div>\n\t\t\t\t\t\t\t<div class=\"elementor-accordion-item\">\n\t\t\t\t\t<div id=\"elementor-tab-title-1749\" class=\"elementor-tab-title\" data-tab=\"9\" role=\"button\" aria-controls=\"elementor-tab-content-1749\" aria-expanded=\"false\">\n\t\t\t\t\t\t\t\t\t\t\t\t\t<span class=\"elementor-accordion-icon elementor-accordion-icon-right\" aria-hidden=\"true\">\n\t\t\t\t\t\t\t\t\t\t\t\t\t\t\t<span class=\"elementor-accordion-icon-closed\"><i class=\"fas fa-plus\"><\/i><\/span>\n\t\t\t\t\t\t\t\t<span class=\"elementor-accordion-icon-opened\"><i class=\"fas fa-minus\"><\/i><\/span>\n\t\t\t\t\t\t\t\t\t\t\t\t\t\t<\/span>\n\t\t\t\t\t\t\t\t\t\t\t\t<a class=\"elementor-accordion-title\" tabindex=\"0\">\u00bfQui\u00e9n ser\u00e1 due\u00f1o de la informaci\u00f3n?<\/a>\n\t\t\t\t\t<\/div>\n\t\t\t\t\t<div id=\"elementor-tab-content-1749\" class=\"elementor-tab-content elementor-clearfix\" data-tab=\"9\" role=\"region\" aria-labelledby=\"elementor-tab-title-1749\"><p><span style=\"font-weight: 400;\">La informaci\u00f3n pertenece al cliente. En cualquier caso de rescisi\u00f3n, proveeremos TODA LA INFORMACI\u00d3N al cliente en un formato legible como SQL o CSV. \u00a0Para m\u00e1s informaci\u00f3n acerca de la Privacidad de la Informaci\u00f3n, por favor revise nuestra <\/span><a href=\"https:\/\/hqrentalsoftware.com\/privacy-policy\/\">P\u00f3liza de Privacidad.<\/a><\/p><\/div>\n\t\t\t\t<\/div>\n\t\t\t\t\t\t\t<div class=\"elementor-accordion-item\">\n\t\t\t\t\t<div id=\"elementor-tab-title-17410\" class=\"elementor-tab-title\" data-tab=\"10\" role=\"button\" aria-controls=\"elementor-tab-content-17410\" aria-expanded=\"false\">\n\t\t\t\t\t\t\t\t\t\t\t\t\t<span class=\"elementor-accordion-icon elementor-accordion-icon-right\" aria-hidden=\"true\">\n\t\t\t\t\t\t\t\t\t\t\t\t\t\t\t<span class=\"elementor-accordion-icon-closed\"><i class=\"fas fa-plus\"><\/i><\/span>\n\t\t\t\t\t\t\t\t<span class=\"elementor-accordion-icon-opened\"><i class=\"fas fa-minus\"><\/i><\/span>\n\t\t\t\t\t\t\t\t\t\t\t\t\t\t<\/span>\n\t\t\t\t\t\t\t\t\t\t\t\t<a class=\"elementor-accordion-title\" tabindex=\"0\">\u00bfPuedo cancelar la suscripci\u00f3n en cualquier momento?<\/a>\n\t\t\t\t\t<\/div>\n\t\t\t\t\t<div id=\"elementor-tab-content-17410\" class=\"elementor-tab-content elementor-clearfix\" data-tab=\"10\" role=\"region\" aria-labelledby=\"elementor-tab-title-17410\"><p><span style=\"font-weight: 400;\">S\u00ed, puede cancelar la suscripci\u00f3n cada mes o a\u00f1o dependiendo de la suscripci\u00f3n que elija.<\/span><\/p><\/div>\n\t\t\t\t<\/div>\n\t\t\t\t\t\t\t\t<\/div>\n\t\t\t\t\t\t<\/div>\n\t\t\t\t<\/div>\n\t\t\t\t\t<\/div>\n\t\t<\/div>\n\t\t\t\t\t<\/div>\n\t\t<\/section>\n\t\t\t\t<\/div>\n\t\t","protected":false},"excerpt":{"rendered":"<p>Preguntas M\u00e1s Frecuentes Esta Secci\u00f3n de Preguntas M\u00e1s Frecuentes responde las dudas m\u00e1s frecuentes de nuestros usuarios, sin embargo; si est\u00e1 buscando aprender m\u00e1s acerca del uso se nuestro software, por favor visite nuestra\u00a0Base de Datos de Conocimiento. \u00bfC\u00f3mo instalo el plug-in de reservaciones en el sitio web? Hay m\u00faltiples maneras de integrar el software &hellip;<\/p>\n<p class=\"read-more\"> <a class=\"\" href=\"https:\/\/hqrentalsoftware.com\/es\/preguntas-mas-frecuentes\/\"> <span class=\"screen-reader-text\">Preguntas M\u00e1s Frecuentes<\/span> Read More &raquo;<\/a><\/p>\n","protected":false},"author":8,"featured_media":0,"parent":0,"menu_order":0,"comment_status":"closed","ping_status":"closed","template":"","meta":{"_acf_changed":false,"inline_featured_image":false,"site-sidebar-layout":"no-sidebar","site-content-layout":"page-builder","ast-main-header-display":"disabled","ast-hfb-above-header-display":"","ast-hfb-below-header-display":"","ast-hfb-mobile-header-display":"","site-post-title":"disabled","ast-breadcrumbs-content":"disabled","ast-featured-img":"disabled","footer-sml-layout":"disabled","theme-transparent-header-meta":"default","adv-header-id-meta":"","stick-header-meta":"","header-above-stick-meta":"","header-main-stick-meta":"","header-below-stick-meta":"","footnotes":""},"class_list":["post-2694","page","type-page","status-publish","hentry"],"acf":[],"yoast_head":"<!-- This site is optimized with the Yoast SEO plugin v27.6 - https:\/\/yoast.com\/product\/yoast-seo-wordpress\/ -->\n<title>Car Rental Booking Software FAQ - HQ Rental Software<\/title>\n<meta name=\"description\" content=\"Car Rental Booking Software, here we answer your questions including How to install the car reservation system on your website, payment integration, language availability and bookkeeping, if you have further questions please contact us or set up a free trial\" \/>\n<meta name=\"robots\" content=\"index, follow, max-snippet:-1, max-image-preview:large, max-video-preview:-1\" \/>\n<link rel=\"canonical\" href=\"https:\/\/hqrentalsoftware.com\/es\/preguntas-mas-frecuentes\/\" \/>\n<meta name=\"twitter:label1\" content=\"Tiempo de lectura\" \/>\n\t<meta name=\"twitter:data1\" content=\"3 minutes\" \/>\n<script type=\"application\/ld+json\" class=\"yoast-schema-graph\">{\"@context\":\"https:\\\/\\\/schema.org\",\"@graph\":[{\"@type\":\"WebPage\",\"@id\":\"https:\\\/\\\/hqrentalsoftware.com\\\/es\\\/preguntas-mas-frecuentes\\\/\",\"url\":\"https:\\\/\\\/hqrentalsoftware.com\\\/es\\\/preguntas-mas-frecuentes\\\/\",\"name\":\"Car Rental Booking Software FAQ - HQ Rental Software\",\"isPartOf\":{\"@id\":\"https:\\\/\\\/hqrentalsoftware.com\\\/#website\"},\"datePublished\":\"2019-04-04T19:55:03+00:00\",\"dateModified\":\"2026-04-21T00:13:37+00:00\",\"description\":\"Car Rental Booking Software, here we answer your questions including How to install the car reservation system on your website, payment integration, language availability and bookkeeping, if you have further questions please contact us or set up a free trial\",\"inLanguage\":\"es-ES\",\"potentialAction\":[{\"@type\":\"ReadAction\",\"target\":[\"https:\\\/\\\/hqrentalsoftware.com\\\/es\\\/preguntas-mas-frecuentes\\\/\"]}]},{\"@type\":\"WebSite\",\"@id\":\"https:\\\/\\\/hqrentalsoftware.com\\\/#website\",\"url\":\"https:\\\/\\\/hqrentalsoftware.com\\\/\",\"name\":\"HQ Rental Software\",\"description\":\"Vehicle Rental Management &amp; Booking System\",\"publisher\":{\"@id\":\"https:\\\/\\\/hqrentalsoftware.com\\\/#organization\"},\"potentialAction\":[{\"@type\":\"SearchAction\",\"target\":{\"@type\":\"EntryPoint\",\"urlTemplate\":\"https:\\\/\\\/hqrentalsoftware.com\\\/?s={search_term_string}\"},\"query-input\":{\"@type\":\"PropertyValueSpecification\",\"valueRequired\":true,\"valueName\":\"search_term_string\"}}],\"inLanguage\":\"es-ES\"},{\"@type\":\"Organization\",\"@id\":\"https:\\\/\\\/hqrentalsoftware.com\\\/#organization\",\"name\":\"HQ Rental Software\",\"url\":\"https:\\\/\\\/hqrentalsoftware.com\\\/\",\"logo\":{\"@type\":\"ImageObject\",\"inLanguage\":\"es-ES\",\"@id\":\"https:\\\/\\\/hqrentalsoftware.com\\\/#\\\/schema\\\/logo\\\/image\\\/\",\"url\":\"https:\\\/\\\/hqrentalsoftware.com\\\/wp-content\\\/uploads\\\/2019\\\/05\\\/HQ-Logo_2019.jpg\",\"contentUrl\":\"https:\\\/\\\/hqrentalsoftware.com\\\/wp-content\\\/uploads\\\/2019\\\/05\\\/HQ-Logo_2019.jpg\",\"width\":1164,\"height\":1121,\"caption\":\"HQ Rental Software\"},\"image\":{\"@id\":\"https:\\\/\\\/hqrentalsoftware.com\\\/#\\\/schema\\\/logo\\\/image\\\/\"},\"sameAs\":[\"https:\\\/\\\/www.facebook.com\\\/hqrentalsoftware\\\/\",\"https:\\\/\\\/www.linkedin.com\\\/company\\\/18061180\\\/\",\"https:\\\/\\\/www.youtube.com\\\/channel\\\/UC5QsF_CIFiLG7q39s5tGzUA\"]}]}<\/script>\n<!-- \/ Yoast SEO plugin. -->","yoast_head_json":{"title":"Car Rental Booking Software FAQ - HQ Rental Software","description":"Car Rental Booking Software, here we answer your questions including How to install the car reservation system on your website, payment integration, language availability and bookkeeping, if you have further questions please contact us or set up a free trial","robots":{"index":"index","follow":"follow","max-snippet":"max-snippet:-1","max-image-preview":"max-image-preview:large","max-video-preview":"max-video-preview:-1"},"canonical":"https:\/\/hqrentalsoftware.com\/es\/preguntas-mas-frecuentes\/","twitter_misc":{"Tiempo de lectura":"3 minutes"},"schema":{"@context":"https:\/\/schema.org","@graph":[{"@type":"WebPage","@id":"https:\/\/hqrentalsoftware.com\/es\/preguntas-mas-frecuentes\/","url":"https:\/\/hqrentalsoftware.com\/es\/preguntas-mas-frecuentes\/","name":"Car Rental Booking Software FAQ - HQ Rental Software","isPartOf":{"@id":"https:\/\/hqrentalsoftware.com\/#website"},"datePublished":"2019-04-04T19:55:03+00:00","dateModified":"2026-04-21T00:13:37+00:00","description":"Car Rental Booking Software, here we answer your questions including How to install the car reservation system on your website, payment integration, language availability and bookkeeping, if you have further questions please contact us or set up a free trial","inLanguage":"es-ES","potentialAction":[{"@type":"ReadAction","target":["https:\/\/hqrentalsoftware.com\/es\/preguntas-mas-frecuentes\/"]}]},{"@type":"WebSite","@id":"https:\/\/hqrentalsoftware.com\/#website","url":"https:\/\/hqrentalsoftware.com\/","name":"HQ Rental Software","description":"Vehicle Rental Management &amp; Booking System","publisher":{"@id":"https:\/\/hqrentalsoftware.com\/#organization"},"potentialAction":[{"@type":"SearchAction","target":{"@type":"EntryPoint","urlTemplate":"https:\/\/hqrentalsoftware.com\/?s={search_term_string}"},"query-input":{"@type":"PropertyValueSpecification","valueRequired":true,"valueName":"search_term_string"}}],"inLanguage":"es-ES"},{"@type":"Organization","@id":"https:\/\/hqrentalsoftware.com\/#organization","name":"HQ Rental Software","url":"https:\/\/hqrentalsoftware.com\/","logo":{"@type":"ImageObject","inLanguage":"es-ES","@id":"https:\/\/hqrentalsoftware.com\/#\/schema\/logo\/image\/","url":"https:\/\/hqrentalsoftware.com\/wp-content\/uploads\/2019\/05\/HQ-Logo_2019.jpg","contentUrl":"https:\/\/hqrentalsoftware.com\/wp-content\/uploads\/2019\/05\/HQ-Logo_2019.jpg","width":1164,"height":1121,"caption":"HQ Rental Software"},"image":{"@id":"https:\/\/hqrentalsoftware.com\/#\/schema\/logo\/image\/"},"sameAs":["https:\/\/www.facebook.com\/hqrentalsoftware\/","https:\/\/www.linkedin.com\/company\/18061180\/","https:\/\/www.youtube.com\/channel\/UC5QsF_CIFiLG7q39s5tGzUA"]}]}},"_links":{"self":[{"href":"https:\/\/hqrentalsoftware.com\/es\/wp-json\/wp\/v2\/pages\/2694","targetHints":{"allow":["GET"]}}],"collection":[{"href":"https:\/\/hqrentalsoftware.com\/es\/wp-json\/wp\/v2\/pages"}],"about":[{"href":"https:\/\/hqrentalsoftware.com\/es\/wp-json\/wp\/v2\/types\/page"}],"author":[{"embeddable":true,"href":"https:\/\/hqrentalsoftware.com\/es\/wp-json\/wp\/v2\/users\/8"}],"replies":[{"embeddable":true,"href":"https:\/\/hqrentalsoftware.com\/es\/wp-json\/wp\/v2\/comments?post=2694"}],"version-history":[{"count":17,"href":"https:\/\/hqrentalsoftware.com\/es\/wp-json\/wp\/v2\/pages\/2694\/revisions"}],"predecessor-version":[{"id":12179,"href":"https:\/\/hqrentalsoftware.com\/es\/wp-json\/wp\/v2\/pages\/2694\/revisions\/12179"}],"wp:attachment":[{"href":"https:\/\/hqrentalsoftware.com\/es\/wp-json\/wp\/v2\/media?parent=2694"}],"curies":[{"name":"wp","href":"https:\/\/api.w.org\/{rel}","templated":true}]}}