{"id":10525,"date":"2022-06-22T21:44:29","date_gmt":"2022-06-22T21:44:29","guid":{"rendered":"https:\/\/hqrentalsoftware.com\/reserva-automatica-de-autos-upgrade\/"},"modified":"2022-06-22T21:44:29","modified_gmt":"2022-06-22T21:44:29","slug":"reserva-automatica-de-autos-upgrade","status":"publish","type":"page","link":"https:\/\/hqrentalsoftware.com\/pt-br\/reserva-automatica-de-autos-upgrade\/","title":{"rendered":"Autoservicio de Rentas de Vehiculos"},"content":{"rendered":"\t\t<div data-elementor-type=\"wp-page\" data-elementor-id=\"10525\" class=\"elementor elementor-10525 elementor-10474\" data-elementor-post-type=\"page\">\n\t\t\t\t\t\t<section class=\"elementor-section elementor-top-section elementor-element elementor-element-595bea27 elementor-section-height-min-height inner-banner elementor-section-boxed elementor-section-height-default elementor-section-items-middle\" data-id=\"595bea27\" data-element_type=\"section\" data-e-type=\"section\" data-settings=\"{&quot;background_background&quot;:&quot;gradient&quot;}\">\n\t\t\t\t\t\t\t<div class=\"elementor-background-overlay\"><\/div>\n\t\t\t\t\t\t\t<div class=\"elementor-container elementor-column-gap-no\">\n\t\t\t\t\t<div class=\"elementor-column elementor-col-50 elementor-top-column elementor-element elementor-element-8f8780c\" data-id=\"8f8780c\" data-element_type=\"column\" data-e-type=\"column\">\n\t\t\t<div class=\"elementor-widget-wrap elementor-element-populated\">\n\t\t\t\t\t\t<div class=\"elementor-element elementor-element-5efcb8fa txt-banner elementor-widget elementor-widget-text-editor\" data-id=\"5efcb8fa\" data-element_type=\"widget\" data-e-type=\"widget\" data-widget_type=\"text-editor.default\">\n\t\t\t\t<div class=\"elementor-widget-container\">\n\t\t\t\t\t\t\t\t\t<p class=\"p1\"><b>Soluciones<\/b><\/p>\t\t\t\t\t\t\t\t<\/div>\n\t\t\t\t<\/div>\n\t\t\t\t\t<\/div>\n\t\t<\/div>\n\t\t\t\t<div class=\"elementor-column elementor-col-50 elementor-top-column elementor-element elementor-element-675a6b2\" data-id=\"675a6b2\" data-element_type=\"column\" data-e-type=\"column\">\n\t\t\t<div class=\"elementor-widget-wrap\">\n\t\t\t\t\t\t\t<\/div>\n\t\t<\/div>\n\t\t\t\t\t<\/div>\n\t\t<\/section>\n\t\t\t\t<section class=\"elementor-section elementor-top-section elementor-element elementor-element-78af288b elementor-section-boxed elementor-section-height-default elementor-section-height-default\" data-id=\"78af288b\" data-element_type=\"section\" data-e-type=\"section\">\n\t\t\t\t\t\t<div class=\"elementor-container elementor-column-gap-no\">\n\t\t\t\t\t<div class=\"elementor-column elementor-col-50 elementor-top-column elementor-element elementor-element-35c8c41d\" data-id=\"35c8c41d\" data-element_type=\"column\" data-e-type=\"column\">\n\t\t\t<div class=\"elementor-widget-wrap elementor-element-populated\">\n\t\t\t\t\t\t<div class=\"elementor-element elementor-element-23b74df8 elementor-widget elementor-widget-image\" data-id=\"23b74df8\" data-element_type=\"widget\" data-e-type=\"widget\" data-widget_type=\"image.default\">\n\t\t\t\t<div class=\"elementor-widget-container\">\n\t\t\t\t\t\t\t\t\t\t\t\t\t\t\t<img decoding=\"async\" width=\"1\" height=\"1\" src=\"https:\/\/hqrentalsoftware.com\/wp-content\/uploads\/2019\/05\/Solutions_08-1.svg\" class=\"attachment-large size-large wp-image-6977\" alt=\"\" \/>\t\t\t\t\t\t\t\t\t\t\t\t\t\t\t<\/div>\n\t\t\t\t<\/div>\n\t\t\t\t\t<\/div>\n\t\t<\/div>\n\t\t\t\t<div class=\"elementor-column elementor-col-50 elementor-top-column elementor-element elementor-element-416a88d9\" data-id=\"416a88d9\" data-element_type=\"column\" data-e-type=\"column\">\n\t\t\t<div class=\"elementor-widget-wrap elementor-element-populated\">\n\t\t\t\t\t\t<div class=\"elementor-element elementor-element-7a27e1f0 elementor-widget elementor-widget-heading\" data-id=\"7a27e1f0\" data-element_type=\"widget\" data-e-type=\"widget\" data-widget_type=\"heading.default\">\n\t\t\t\t<div class=\"elementor-widget-container\">\n\t\t\t\t\t<h2 class=\"elementor-heading-title elementor-size-default\">Sin Necesidad de Supervisi\u00f3n Adicional<\/h2>\t\t\t\t<\/div>\n\t\t\t\t<\/div>\n\t\t\t\t<div class=\"elementor-element elementor-element-736bd1d0 elementor-widget elementor-widget-text-editor\" data-id=\"736bd1d0\" data-element_type=\"widget\" data-e-type=\"widget\" data-widget_type=\"text-editor.default\">\n\t\t\t\t<div class=\"elementor-widget-container\">\n\t\t\t\t\t\t\t\t\t<p class=\"p1\">Sus clientes pueden pagar en l\u00ednea, firmar el contrato y tomar fotos del veh\u00edculo para capturar alg\u00fan da\u00f1o existente.<\/p>\t\t\t\t\t\t\t\t<\/div>\n\t\t\t\t<\/div>\n\t\t\t\t\t<\/div>\n\t\t<\/div>\n\t\t\t\t\t<\/div>\n\t\t<\/section>\n\t\t\t\t<section class=\"elementor-section elementor-top-section elementor-element elementor-element-79ecd63b elementor-reverse-mobile elementor-section-boxed elementor-section-height-default elementor-section-height-default\" data-id=\"79ecd63b\" data-element_type=\"section\" data-e-type=\"section\">\n\t\t\t\t\t\t<div class=\"elementor-container elementor-column-gap-no\">\n\t\t\t\t\t<div class=\"elementor-column elementor-col-50 elementor-top-column elementor-element elementor-element-5206f10c\" data-id=\"5206f10c\" data-element_type=\"column\" data-e-type=\"column\">\n\t\t\t<div class=\"elementor-widget-wrap elementor-element-populated\">\n\t\t\t\t\t\t<div class=\"elementor-element elementor-element-56875043 elementor-widget elementor-widget-heading\" data-id=\"56875043\" data-element_type=\"widget\" data-e-type=\"widget\" data-widget_type=\"heading.default\">\n\t\t\t\t<div class=\"elementor-widget-container\">\n\t\t\t\t\t<h2 class=\"elementor-heading-title elementor-size-default\">Validaci\u00f3n de Conductores Integrada<\/h2>\t\t\t\t<\/div>\n\t\t\t\t<\/div>\n\t\t\t\t<div class=\"elementor-element elementor-element-248febc6 elementor-widget elementor-widget-text-editor\" data-id=\"248febc6\" data-element_type=\"widget\" data-e-type=\"widget\" data-widget_type=\"text-editor.default\">\n\t\t\t\t<div class=\"elementor-widget-container\">\n\t\t\t\t\t\t\t\t\t<p class=\"p1\">El conductor sube la foto de su licencia y un selfie; nosotros confirmamos si la licencia es v\u00e1lida y que la persona identificada coincida con el selfie.<\/p>\t\t\t\t\t\t\t\t<\/div>\n\t\t\t\t<\/div>\n\t\t\t\t\t<\/div>\n\t\t<\/div>\n\t\t\t\t<div class=\"elementor-column elementor-col-50 elementor-top-column elementor-element elementor-element-385738a0\" data-id=\"385738a0\" data-element_type=\"column\" data-e-type=\"column\">\n\t\t\t<div class=\"elementor-widget-wrap elementor-element-populated\">\n\t\t\t\t\t\t<div class=\"elementor-element elementor-element-316152a2 elementor-widget elementor-widget-image\" data-id=\"316152a2\" data-element_type=\"widget\" data-e-type=\"widget\" data-widget_type=\"image.default\">\n\t\t\t\t<div class=\"elementor-widget-container\">\n\t\t\t\t\t\t\t\t\t\t\t\t\t\t\t<img fetchpriority=\"high\" decoding=\"async\" width=\"651\" height=\"400\" src=\"https:\/\/hqrentalsoftware.com\/wp-content\/uploads\/2022\/06\/validation.png\" class=\"attachment-large size-large wp-image-10482\" alt=\"\" srcset=\"https:\/\/hqrentalsoftware.com\/wp-content\/uploads\/2022\/06\/validation.png 651w, https:\/\/hqrentalsoftware.com\/wp-content\/uploads\/2022\/06\/validation-300x184.png 300w\" sizes=\"(max-width: 651px) 100vw, 651px\" \/>\t\t\t\t\t\t\t\t\t\t\t\t\t\t\t<\/div>\n\t\t\t\t<\/div>\n\t\t\t\t\t<\/div>\n\t\t<\/div>\n\t\t\t\t\t<\/div>\n\t\t<\/section>\n\t\t\t\t<section class=\"elementor-section elementor-top-section elementor-element elementor-element-c73badb elementor-section-boxed elementor-section-height-default elementor-section-height-default\" data-id=\"c73badb\" data-element_type=\"section\" data-e-type=\"section\">\n\t\t\t\t\t\t<div class=\"elementor-container elementor-column-gap-no\">\n\t\t\t\t\t<div class=\"elementor-column elementor-col-50 elementor-top-column elementor-element elementor-element-9b859c3\" data-id=\"9b859c3\" data-element_type=\"column\" data-e-type=\"column\">\n\t\t\t<div class=\"elementor-widget-wrap elementor-element-populated\">\n\t\t\t\t\t\t<div class=\"elementor-element elementor-element-53c6921 elementor-widget elementor-widget-image\" data-id=\"53c6921\" data-element_type=\"widget\" data-e-type=\"widget\" data-widget_type=\"image.default\">\n\t\t\t\t<div class=\"elementor-widget-container\">\n\t\t\t\t\t\t\t\t\t\t\t\t\t\t\t<img decoding=\"async\" width=\"1\" height=\"1\" src=\"https:\/\/hqrentalsoftware.com\/wp-content\/uploads\/2019\/05\/Phone2.svg\" class=\"attachment-large size-large wp-image-7000\" alt=\"\" \/>\t\t\t\t\t\t\t\t\t\t\t\t\t\t\t<\/div>\n\t\t\t\t<\/div>\n\t\t\t\t\t<\/div>\n\t\t<\/div>\n\t\t\t\t<div class=\"elementor-column elementor-col-50 elementor-top-column elementor-element elementor-element-e0ee1c5\" data-id=\"e0ee1c5\" data-element_type=\"column\" data-e-type=\"column\">\n\t\t\t<div class=\"elementor-widget-wrap elementor-element-populated\">\n\t\t\t\t\t\t<div class=\"elementor-element elementor-element-2995573 elementor-widget elementor-widget-heading\" data-id=\"2995573\" data-element_type=\"widget\" data-e-type=\"widget\" data-widget_type=\"heading.default\">\n\t\t\t\t<div class=\"elementor-widget-container\">\n\t\t\t\t\t<h2 class=\"elementor-heading-title elementor-size-default\">Tel\u00e9fono como Llave <\/h2>\t\t\t\t<\/div>\n\t\t\t\t<\/div>\n\t\t\t\t<div class=\"elementor-element elementor-element-63b0075 elementor-widget elementor-widget-text-editor\" data-id=\"63b0075\" data-element_type=\"widget\" data-e-type=\"widget\" data-widget_type=\"text-editor.default\">\n\t\t\t\t<div class=\"elementor-widget-container\">\n\t\t\t\t\t\t\t\t\t<p class=\"p1\">Permite que el conductor abra el veh\u00edculo con tan solo presionar un bot\u00f3n en su tel\u00e9fono. O con un sistema de casilleros integrados.<\/p>\t\t\t\t\t\t\t\t<\/div>\n\t\t\t\t<\/div>\n\t\t\t\t\t<\/div>\n\t\t<\/div>\n\t\t\t\t\t<\/div>\n\t\t<\/section>\n\t\t\t\t<section class=\"elementor-section elementor-top-section elementor-element elementor-element-14d2ba8e elementor-section-full_width elementor-section-height-default elementor-section-height-default\" data-id=\"14d2ba8e\" data-element_type=\"section\" data-e-type=\"section\" data-settings=\"{&quot;background_background&quot;:&quot;classic&quot;}\">\n\t\t\t\t\t\t<div class=\"elementor-container elementor-column-gap-no\">\n\t\t\t\t\t<div class=\"elementor-column elementor-col-100 elementor-top-column elementor-element elementor-element-71981c54\" data-id=\"71981c54\" data-element_type=\"column\" data-e-type=\"column\">\n\t\t\t<div class=\"elementor-widget-wrap elementor-element-populated\">\n\t\t\t\t\t\t<div class=\"elementor-element elementor-element-2f9466a0 elementor-widget elementor-widget-template\" data-id=\"2f9466a0\" data-element_type=\"widget\" data-e-type=\"widget\" data-widget_type=\"template.default\">\n\t\t\t\t<div class=\"elementor-widget-container\">\n\t\t\t\t\t\t\t<div class=\"elementor-template\">\n\t\t\t\t\t<div data-elementor-type=\"section\" data-elementor-id=\"10515\" class=\"elementor elementor-10515 elementor-10494\" data-elementor-post-type=\"elementor_library\">\n\t\t\t\t\t<section class=\"elementor-section elementor-top-section elementor-element elementor-element-6c1edc8a elementor-section-boxed elementor-section-height-default elementor-section-height-default\" data-id=\"6c1edc8a\" data-element_type=\"section\" data-e-type=\"section\" data-settings=\"{&quot;background_background&quot;:&quot;gradient&quot;}\">\n\t\t\t\t\t\t\t<div class=\"elementor-background-overlay\"><\/div>\n\t\t\t\t\t\t\t<div class=\"elementor-container elementor-column-gap-no\">\n\t\t\t\t\t<div class=\"elementor-column elementor-col-100 elementor-top-column elementor-element elementor-element-473783d6\" data-id=\"473783d6\" data-element_type=\"column\" data-e-type=\"column\">\n\t\t\t<div class=\"elementor-widget-wrap elementor-element-populated\">\n\t\t\t\t\t\t<div class=\"elementor-element elementor-element-7f6d0541 elementor-widget elementor-widget-heading\" data-id=\"7f6d0541\" data-element_type=\"widget\" data-e-type=\"widget\" data-widget_type=\"heading.default\">\n\t\t\t\t<div class=\"elementor-widget-container\">\n\t\t\t\t\t<h3 class=\"elementor-heading-title elementor-size-default\">Schedule a Demo<\/h3>\t\t\t\t<\/div>\n\t\t\t\t<\/div>\n\t\t\t\t<div class=\"elementor-element elementor-element-16926818 elementor-button-align-stretch elementor-widget elementor-widget-form\" data-id=\"16926818\" data-element_type=\"widget\" data-e-type=\"widget\" id=\"sales-form\" data-settings=\"{&quot;button_width&quot;:&quot;33&quot;,&quot;button_width_mobile&quot;:&quot;40&quot;,&quot;step_next_label&quot;:&quot;Next&quot;,&quot;step_previous_label&quot;:&quot;Previous&quot;,&quot;step_type&quot;:&quot;number_text&quot;,&quot;step_icon_shape&quot;:&quot;circle&quot;}\" data-widget_type=\"form.default\">\n\t\t\t\t<div class=\"elementor-widget-container\">\n\t\t\t\t\t\t\t<form class=\"elementor-form\" method=\"post\" id=\"hq-sales-form\" name=\"Sales Form\" aria-label=\"Sales Form\">\n\t\t\t<input type=\"hidden\" name=\"post_id\" value=\"10515\"\/>\n\t\t\t<input type=\"hidden\" name=\"form_id\" value=\"16926818\"\/>\n\t\t\t<input type=\"hidden\" name=\"referer_title\" value=\"Rental Gest\u00e3o de Contratos - HQ Rental Software\" \/>\n\n\t\t\t\t\t\t\t<input type=\"hidden\" name=\"queried_id\" value=\"6974\"\/>\n\t\t\t\n\t\t\t<div class=\"elementor-form-fields-wrapper elementor-labels-\">\n\t\t\t\t\t\t\t\t<div class=\"elementor-field-type-email elementor-field-group elementor-column elementor-field-group-email_sales elementor-col-66 elementor-sm-60 elementor-field-required\">\n\t\t\t\t\t\t\t\t\t\t\t\t<label for=\"form-field-email_sales\" class=\"elementor-field-label elementor-screen-only\">\n\t\t\t\t\t\t\t\tEmail\t\t\t\t\t\t\t<\/label>\n\t\t\t\t\t\t\t\t\t\t\t\t\t\t<input size=\"1\" type=\"email\" name=\"form_fields[email_sales]\" id=\"form-field-email_sales\" class=\"elementor-field elementor-size-md  elementor-field-textual\" placeholder=\"Enter Your Email\" required=\"required\">\n\t\t\t\t\t\t\t\t\t\t\t<\/div>\n\t\t\t\t\t\t\t\t<div class=\"elementor-field-group elementor-column elementor-field-type-submit elementor-col-33 e-form__buttons elementor-sm-40\">\n\t\t\t\t\t<button class=\"elementor-button elementor-size-md\" type=\"submit\" id=\"ietag-sales\">\n\t\t\t\t\t\t<span class=\"elementor-button-content-wrapper\">\n\t\t\t\t\t\t\t\t\t\t\t\t\t\t\t\t\t\t\t\t\t\t<span class=\"elementor-button-text\">Learn More<\/span>\n\t\t\t\t\t\t\t\t\t\t\t\t\t<\/span>\n\t\t\t\t\t<\/button>\n\t\t\t\t<\/div>\n\t\t\t<\/div>\n\t\t<\/form>\n\t\t\t\t\t\t<\/div>\n\t\t\t\t<\/div>\n\t\t\t\t\t<\/div>\n\t\t<\/div>\n\t\t\t\t\t<\/div>\n\t\t<\/section>\n\t\t\t\t<\/div>\n\t\t\t\t<\/div>\n\t\t\t\t\t\t<\/div>\n\t\t\t\t<\/div>\n\t\t\t\t\t<\/div>\n\t\t<\/div>\n\t\t\t\t\t<\/div>\n\t\t<\/section>\n\t\t\t\t<\/div>\n\t\t","protected":false},"excerpt":{"rendered":"<p>Soluciones Sin Necesidad de Supervisi\u00f3n Adicional Sus clientes pueden pagar en l\u00ednea, firmar el contrato y tomar fotos del veh\u00edculo para capturar alg\u00fan da\u00f1o existente. Validaci\u00f3n de Conductores Integrada El conductor sube la foto de su licencia y un selfie; nosotros confirmamos si la licencia es v\u00e1lida y que la persona identificada coincida con el &hellip;<\/p>\n<p class=\"read-more\"> <a class=\"\" href=\"https:\/\/hqrentalsoftware.com\/pt-br\/reserva-automatica-de-autos-upgrade\/\"> <span class=\"screen-reader-text\">Autoservicio de Rentas de Vehiculos<\/span> Read More &raquo;<\/a><\/p>\n","protected":false},"author":8,"featured_media":0,"parent":0,"menu_order":0,"comment_status":"closed","ping_status":"closed","template":"","meta":{"_acf_changed":false,"inline_featured_image":false,"site-sidebar-layout":"no-sidebar","site-content-layout":"page-builder","ast-main-header-display":"","ast-hfb-above-header-display":"","ast-hfb-below-header-display":"","ast-hfb-mobile-header-display":"","site-post-title":"disabled","ast-breadcrumbs-content":"","ast-featured-img":"disabled","footer-sml-layout":"","theme-transparent-header-meta":"default","adv-header-id-meta":"","stick-header-meta":"","header-above-stick-meta":"","header-main-stick-meta":"","header-below-stick-meta":"","footnotes":""},"class_list":["post-10525","page","type-page","status-publish","hentry"],"acf":[],"yoast_head":"<!-- This site is optimized with the Yoast SEO plugin v27.5 - https:\/\/yoast.com\/product\/yoast-seo-wordpress\/ -->\n<title>Autoservicio de Rentas de Vehiculos - HQ Rental Software<\/title>\n<meta name=\"robots\" content=\"index, follow, max-snippet:-1, max-image-preview:large, max-video-preview:-1\" \/>\n<link rel=\"canonical\" href=\"https:\/\/hqrentalsoftware.com\/pt-br\/reserva-automatica-de-autos-upgrade\/\" \/>\n<script type=\"application\/ld+json\" class=\"yoast-schema-graph\">{\"@context\":\"https:\\\/\\\/schema.org\",\"@graph\":[{\"@type\":\"WebPage\",\"@id\":\"https:\\\/\\\/hqrentalsoftware.com\\\/pt-br\\\/reserva-automatica-de-autos-upgrade\\\/\",\"url\":\"https:\\\/\\\/hqrentalsoftware.com\\\/pt-br\\\/reserva-automatica-de-autos-upgrade\\\/\",\"name\":\"Autoservicio de Rentas de Vehiculos - HQ Rental Software\",\"isPartOf\":{\"@id\":\"https:\\\/\\\/hqrentalsoftware.com\\\/#website\"},\"primaryImageOfPage\":{\"@id\":\"https:\\\/\\\/hqrentalsoftware.com\\\/pt-br\\\/reserva-automatica-de-autos-upgrade\\\/#primaryimage\"},\"image\":{\"@id\":\"https:\\\/\\\/hqrentalsoftware.com\\\/pt-br\\\/reserva-automatica-de-autos-upgrade\\\/#primaryimage\"},\"thumbnailUrl\":\"https:\\\/\\\/hqrentalsoftware.com\\\/wp-content\\\/uploads\\\/2019\\\/05\\\/Solutions_08-1.svg\",\"datePublished\":\"2022-06-22T21:44:29+00:00\",\"inLanguage\":\"pt-BR\",\"potentialAction\":[{\"@type\":\"ReadAction\",\"target\":[\"https:\\\/\\\/hqrentalsoftware.com\\\/pt-br\\\/reserva-automatica-de-autos-upgrade\\\/\"]}]},{\"@type\":\"ImageObject\",\"inLanguage\":\"pt-BR\",\"@id\":\"https:\\\/\\\/hqrentalsoftware.com\\\/pt-br\\\/reserva-automatica-de-autos-upgrade\\\/#primaryimage\",\"url\":\"https:\\\/\\\/hqrentalsoftware.com\\\/wp-content\\\/uploads\\\/2019\\\/05\\\/Solutions_08-1.svg\",\"contentUrl\":\"https:\\\/\\\/hqrentalsoftware.com\\\/wp-content\\\/uploads\\\/2019\\\/05\\\/Solutions_08-1.svg\"},{\"@type\":\"WebSite\",\"@id\":\"https:\\\/\\\/hqrentalsoftware.com\\\/#website\",\"url\":\"https:\\\/\\\/hqrentalsoftware.com\\\/\",\"name\":\"HQ Rental Software\",\"description\":\"Vehicle Rental Management &amp; Booking System\",\"publisher\":{\"@id\":\"https:\\\/\\\/hqrentalsoftware.com\\\/#organization\"},\"potentialAction\":[{\"@type\":\"SearchAction\",\"target\":{\"@type\":\"EntryPoint\",\"urlTemplate\":\"https:\\\/\\\/hqrentalsoftware.com\\\/?s={search_term_string}\"},\"query-input\":{\"@type\":\"PropertyValueSpecification\",\"valueRequired\":true,\"valueName\":\"search_term_string\"}}],\"inLanguage\":\"pt-BR\"},{\"@type\":\"Organization\",\"@id\":\"https:\\\/\\\/hqrentalsoftware.com\\\/#organization\",\"name\":\"HQ Rental Software\",\"url\":\"https:\\\/\\\/hqrentalsoftware.com\\\/\",\"logo\":{\"@type\":\"ImageObject\",\"inLanguage\":\"pt-BR\",\"@id\":\"https:\\\/\\\/hqrentalsoftware.com\\\/#\\\/schema\\\/logo\\\/image\\\/\",\"url\":\"https:\\\/\\\/hqrentalsoftware.com\\\/wp-content\\\/uploads\\\/2019\\\/05\\\/HQ-Logo_2019.jpg\",\"contentUrl\":\"https:\\\/\\\/hqrentalsoftware.com\\\/wp-content\\\/uploads\\\/2019\\\/05\\\/HQ-Logo_2019.jpg\",\"width\":1164,\"height\":1121,\"caption\":\"HQ Rental Software\"},\"image\":{\"@id\":\"https:\\\/\\\/hqrentalsoftware.com\\\/#\\\/schema\\\/logo\\\/image\\\/\"},\"sameAs\":[\"https:\\\/\\\/www.facebook.com\\\/hqrentalsoftware\\\/\",\"https:\\\/\\\/www.linkedin.com\\\/company\\\/18061180\\\/\",\"https:\\\/\\\/www.youtube.com\\\/channel\\\/UC5QsF_CIFiLG7q39s5tGzUA\"]}]}<\/script>\n<!-- \/ Yoast SEO plugin. -->","yoast_head_json":{"title":"Autoservicio de Rentas de Vehiculos - HQ Rental Software","robots":{"index":"index","follow":"follow","max-snippet":"max-snippet:-1","max-image-preview":"max-image-preview:large","max-video-preview":"max-video-preview:-1"},"canonical":"https:\/\/hqrentalsoftware.com\/pt-br\/reserva-automatica-de-autos-upgrade\/","schema":{"@context":"https:\/\/schema.org","@graph":[{"@type":"WebPage","@id":"https:\/\/hqrentalsoftware.com\/pt-br\/reserva-automatica-de-autos-upgrade\/","url":"https:\/\/hqrentalsoftware.com\/pt-br\/reserva-automatica-de-autos-upgrade\/","name":"Autoservicio de Rentas de Vehiculos - HQ Rental Software","isPartOf":{"@id":"https:\/\/hqrentalsoftware.com\/#website"},"primaryImageOfPage":{"@id":"https:\/\/hqrentalsoftware.com\/pt-br\/reserva-automatica-de-autos-upgrade\/#primaryimage"},"image":{"@id":"https:\/\/hqrentalsoftware.com\/pt-br\/reserva-automatica-de-autos-upgrade\/#primaryimage"},"thumbnailUrl":"https:\/\/hqrentalsoftware.com\/wp-content\/uploads\/2019\/05\/Solutions_08-1.svg","datePublished":"2022-06-22T21:44:29+00:00","inLanguage":"pt-BR","potentialAction":[{"@type":"ReadAction","target":["https:\/\/hqrentalsoftware.com\/pt-br\/reserva-automatica-de-autos-upgrade\/"]}]},{"@type":"ImageObject","inLanguage":"pt-BR","@id":"https:\/\/hqrentalsoftware.com\/pt-br\/reserva-automatica-de-autos-upgrade\/#primaryimage","url":"https:\/\/hqrentalsoftware.com\/wp-content\/uploads\/2019\/05\/Solutions_08-1.svg","contentUrl":"https:\/\/hqrentalsoftware.com\/wp-content\/uploads\/2019\/05\/Solutions_08-1.svg"},{"@type":"WebSite","@id":"https:\/\/hqrentalsoftware.com\/#website","url":"https:\/\/hqrentalsoftware.com\/","name":"HQ Rental Software","description":"Vehicle Rental Management &amp; Booking System","publisher":{"@id":"https:\/\/hqrentalsoftware.com\/#organization"},"potentialAction":[{"@type":"SearchAction","target":{"@type":"EntryPoint","urlTemplate":"https:\/\/hqrentalsoftware.com\/?s={search_term_string}"},"query-input":{"@type":"PropertyValueSpecification","valueRequired":true,"valueName":"search_term_string"}}],"inLanguage":"pt-BR"},{"@type":"Organization","@id":"https:\/\/hqrentalsoftware.com\/#organization","name":"HQ Rental Software","url":"https:\/\/hqrentalsoftware.com\/","logo":{"@type":"ImageObject","inLanguage":"pt-BR","@id":"https:\/\/hqrentalsoftware.com\/#\/schema\/logo\/image\/","url":"https:\/\/hqrentalsoftware.com\/wp-content\/uploads\/2019\/05\/HQ-Logo_2019.jpg","contentUrl":"https:\/\/hqrentalsoftware.com\/wp-content\/uploads\/2019\/05\/HQ-Logo_2019.jpg","width":1164,"height":1121,"caption":"HQ Rental Software"},"image":{"@id":"https:\/\/hqrentalsoftware.com\/#\/schema\/logo\/image\/"},"sameAs":["https:\/\/www.facebook.com\/hqrentalsoftware\/","https:\/\/www.linkedin.com\/company\/18061180\/","https:\/\/www.youtube.com\/channel\/UC5QsF_CIFiLG7q39s5tGzUA"]}]}},"_links":{"self":[{"href":"https:\/\/hqrentalsoftware.com\/pt-br\/wp-json\/wp\/v2\/pages\/10525","targetHints":{"allow":["GET"]}}],"collection":[{"href":"https:\/\/hqrentalsoftware.com\/pt-br\/wp-json\/wp\/v2\/pages"}],"about":[{"href":"https:\/\/hqrentalsoftware.com\/pt-br\/wp-json\/wp\/v2\/types\/page"}],"author":[{"embeddable":true,"href":"https:\/\/hqrentalsoftware.com\/pt-br\/wp-json\/wp\/v2\/users\/8"}],"replies":[{"embeddable":true,"href":"https:\/\/hqrentalsoftware.com\/pt-br\/wp-json\/wp\/v2\/comments?post=10525"}],"version-history":[{"count":0,"href":"https:\/\/hqrentalsoftware.com\/pt-br\/wp-json\/wp\/v2\/pages\/10525\/revisions"}],"wp:attachment":[{"href":"https:\/\/hqrentalsoftware.com\/pt-br\/wp-json\/wp\/v2\/media?parent=10525"}],"curies":[{"name":"wp","href":"https:\/\/api.w.org\/{rel}","templated":true}]}}